{"id":31,"date":"2023-11-12T11:09:30","date_gmt":"2023-11-12T11:09:30","guid":{"rendered":"https:\/\/demo.daext.com\/real-voice\/?page_id=31"},"modified":"2023-11-14T11:14:53","modified_gmt":"2023-11-14T11:14:53","slug":"homepage","status":"publish","type":"page","link":"https:\/\/demo.daext.com\/real-voice\/","title":{"rendered":"Welcome"},"content":{"rendered":"\n<p>Welcome to the demo site of the Real Voice plugin for WordPress. The versatile text-to-speech plugin for WordPress.<\/p>\n\n\n\n<p>You can listen to the audio version of the articles by using the player available at the beginning of each article.<\/p>\n\n\n\n<h2 class=\"wp-block-heading\">Blog Articles in English<\/h2>\n\n\n\n<p><a href=\"https:\/\/demo.daext.com\/real-voice\/gaming-in-2023-a-dynamic-landscape-of-innovation-and-connectivity\/\">Gaming in 2023: A Dynamic Landscape of Innovation and Connectivity<\/a> (Azure TTS AI &#8211; Jason &#8211; en-US)<\/p>\n\n\n\n<p><a href=\"https:\/\/demo.daext.com\/real-voice\/navigating-investment-opportunities-in-2023-a-landscape-of-innovation-and-resilience\/\">Navigating Investment Opportunities in 2023: A Landscape of Innovation and Resilience<\/a> (Azure TTS AI &#8211; Andrew &#8211; en-US)<\/p>\n\n\n\n<p><a href=\"https:\/\/demo.daext.com\/real-voice\/a-clear-vision-exploring-the-world-of-glasses\/\">A Clear Vision: Exploring the World of Glasses<\/a> (Azure TTS AI &#8211; Sara &#8211; en-US)<\/p>\n\n\n\n<p><a href=\"https:\/\/demo.daext.com\/real-voice\/embracing-the-future-anticipated-fashion-trends-in-2024\/\">Embracing the Future: Anticipated Fashion Trends in 2024<\/a> (Google TTS AI &#8211; en-US-Neural2-A &#8211; en-US)<\/p>\n\n\n\n<p><a href=\"https:\/\/demo.daext.com\/real-voice\/a-culinary-journey-to-italy-classic-spaghetti-bolognese-recipe\/\">A Culinary Journey to Italy: Classic Spaghetti Bolognese Recipe<\/a> (Google TTS AI &#8211; en-US-Neural2-H &#8211; en-US)<\/p>\n\n\n\n<h2 class=\"wp-block-heading\">An Article in Five Languages<\/h2>\n\n\n\n<p><a href=\"https:\/\/demo.daext.com\/real-voice\/the-case-for-remote-work-unleashing-productivity-and-empowering-talent\/\">The Case for Remote Work: Unleashing Productivity and Empowering Talent<\/a> (Azure TTS AI &#8211; Mike en-US)<\/p>\n\n\n\n<p><a href=\"https:\/\/demo.daext.com\/real-voice\/le-plaidoyer-en-faveur-du-travail-a-distance-liberer-la-productivite-et-valoriser-les-talents\/\">Le Plaidoyer en Faveur du Travail \u00e0 Distance : Lib\u00e9rer la Productivit\u00e9 et Valoriser les Talents<\/a> (Azure TTS AI &#8211; Henry &#8211; fr-FR)<\/p>\n\n\n\n<p><a href=\"https:\/\/demo.daext.com\/real-voice\/der-fall-fur-remote-arbeit-produktivitat-freisetzen-und-talente-starken\/\">Der Fall f\u00fcr Remote-Arbeit: Produktivit\u00e4t freisetzen und Talente st\u00e4rken<\/a> (Azure TTS AI &#8211; Conrad &#8211; de-DE)<\/p>\n\n\n\n<p><a href=\"https:\/\/demo.daext.com\/real-voice\/el-caso-del-trabajo-remoto-desatando-la-productividad-y-potenciando-el-talento\/\">El Caso del Trabajo Remoto: Desatando la Productividad y Potenciando el Talento<\/a> (Azure TTS AI &#8211; Alvaro &#8211; es-ES)<\/p>\n\n\n\n<p><a href=\"https:\/\/demo.daext.com\/real-voice\/il-caso-del-lavoro-remoto-liberare-la-produttivita-e-potenziare-il-talento\/\">Il Caso del Lavoro Remoto: Liberare la Produttivit\u00e0 e Potenziare il Talento<\/a> (Azure TTS AI &#8211; Cataldo &#8211; it-IT)<\/p>\n","protected":false},"excerpt":{"rendered":"<p>Welcome to the demo site of the Real Voice plugin for WordPress. The versatile text-to-speech plugin for WordPress. You can listen to the audio version of the articles by using the player available at the beginning of each article. Blog Articles in English Gaming in 2023: A Dynamic Landscape of Innovation and Connectivity (Azure TTS [&hellip;]<\/p>\n","protected":false},"author":1,"featured_media":0,"parent":0,"menu_order":0,"comment_status":"closed","ping_status":"closed","template":"","meta":{"_daextrevop_audio_file_creation_date":"","_daextrevop_text_to_speech":"","_daextrevop_document_type":"","footnotes":""},"class_list":["post-31","page","type-page","status-publish","hentry"],"_links":{"self":[{"href":"https:\/\/demo.daext.com\/real-voice\/wp-json\/wp\/v2\/pages\/31","targetHints":{"allow":["GET"]}}],"collection":[{"href":"https:\/\/demo.daext.com\/real-voice\/wp-json\/wp\/v2\/pages"}],"about":[{"href":"https:\/\/demo.daext.com\/real-voice\/wp-json\/wp\/v2\/types\/page"}],"author":[{"embeddable":true,"href":"https:\/\/demo.daext.com\/real-voice\/wp-json\/wp\/v2\/users\/1"}],"replies":[{"embeddable":true,"href":"https:\/\/demo.daext.com\/real-voice\/wp-json\/wp\/v2\/comments?post=31"}],"version-history":[{"count":29,"href":"https:\/\/demo.daext.com\/real-voice\/wp-json\/wp\/v2\/pages\/31\/revisions"}],"predecessor-version":[{"id":131,"href":"https:\/\/demo.daext.com\/real-voice\/wp-json\/wp\/v2\/pages\/31\/revisions\/131"}],"wp:attachment":[{"href":"https:\/\/demo.daext.com\/real-voice\/wp-json\/wp\/v2\/media?parent=31"}],"curies":[{"name":"wp","href":"https:\/\/api.w.org\/{rel}","templated":true}]}}