{"id":183,"date":"2017-08-08T06:58:26","date_gmt":"2017-08-08T06:58:26","guid":{"rendered":"http:\/\/xdemo14.daext.com\/?page_id=183"},"modified":"2023-10-11T13:41:30","modified_gmt":"2023-10-11T13:41:30","slug":"flags-in-a-post-italian-version-flat","status":"publish","type":"page","link":"https:\/\/demo.daext.com\/hreflang-flags\/flags-in-a-post-italian-version-flat\/","title":{"rendered":"Flags in a Post (Italian Version)"},"content":{"rendered":"<div style=\"margin-bottom: 32px;\">\n<h3 id=\"title-h3-with-flags\" style=\"display: inline-block; line-height: 30px; margin-bottom: 0;\">Orgoglio e Pregiudizio<\/h3>\n<div id=\"title-flags\" style=\"float: right;\"><\/div>\n<\/div>\n<p>Tuttavia, assolutamente nulla di quello che Mrs. Bennet, con l&#8217;aiuto delle cinque figlie, riusc\u00ec a chiedere sull&#8217;argomento, fu sufficiente a tirar fuori al marito una soddisfacente descrizione di Mr. Bingley. Lo attaccarono in vari modi; con domande esplicite, ingegnose supposizioni e vaghe ipotesi, ma lui eluse l&#8217;abilit\u00e0 di tutte loro, e alla fine furono costrette ad accontentarsi delle informazioni di seconda mano della loro vicina Lady Lucas. Il suo resoconto fu altamente favorevole. Sir William ne era rimasto deliziato. Bingley era giovanissimo, incredibilmente bello, estremamente simpatico e, a coronare il tutto, aveva intenzione di partecipare al prossimo ballo con una numerosa comitiva. Nulla poteva essere pi\u00f9 eccitante! Essere amante del ballo era appena a un passo dall&#8217;innamorarsi, e si nutrirono le pi\u00f9 rosee speranze riguardo al cuore di Mr. Bingley.<\/p>\n<p>&#8220;Se potessi vedere una delle mie figlie felicemente sistemata a Netherfield&#8221;, disse Mrs. Bennet al marito, &#8220;e tutte le altre ugualmente ben maritate, non avrei pi\u00f9 nulla da desiderare.&#8221;<\/p>\n<p>Nel giro di qualche giorno Mr. Bingley ricambi\u00f2 la visita di Mr. Bennet, e si intrattenne con lui per circa dieci minuti in biblioteca. Aveva nutrito la speranza di essere ammesso alla presenza delle signorine, della cui bellezza aveva sentito molto parlare, ma vide solo il padre. Le signore furono un po&#8217; pi\u00f9 fortunate, poich\u00e9 ebbero il vantaggio di accertare, da una finestra al piano di sopra, che lui indossava una giacca blu e cavalcava un cavallo nero.<\/p>\n<p>Subito dopo fu mandato un invito a pranzo, e Mrs. Bennet aveva gi\u00e0 programmato le pietanze che le avrebbero fatto onore come padrona di casa, quando arriv\u00f2 una riposta che rimandava il tutto. Mr. Bingley era costretto a essere in citt\u00e0 il giorno seguente, e di conseguenza non era in grado di accettare l&#8217;onore del loro invito ecc. ecc. Mrs. Bennet ne fu oltremodo sconcertata. Non riusciva a immaginare quale faccenda potesse avere in citt\u00e0 cos\u00ec poco tempo dopo il suo arrivo nell&#8217;Hertfordshire, e inizi\u00f2 a temere che potesse passare in fretta da un posto all&#8217;altro senza mai fermarsi a Netherfield per il tempo dovuto. Lady Lucas acquiet\u00f2 un po&#8217; i suoi timori facendo balenare l&#8217;idea che fosse andato a Londra solo per radunare una numerosa comitiva per il ballo, e subito dopo giunse notizia che Mr. Bingley Volume primo, capitolo 3 16 avrebbe portato con s\u00e9 alla festa dodici signore e sette signori. Le ragazze si crucciarono per il numero delle signore, ma il giorno prima del ballo si consolarono venendo a sapere che, invece di dodici, ne avrebbe portate con s\u00e9 da Londra solo sei, le sue cinque sorelle e una cugina. E quando la comitiva fece il suo ingresso nella sala da ballo consisteva in tutto di cinque persone; Mr. Bingley, le sue due sorelle, il marito della maggiore e un altro giovanotto.<\/p>\n<p>Mr. Bingley era di bella presenza e con un aspetto signorile, un&#8217;espressione simpatica e modi disinvolti e spontanei. Le sorelle erano belle donne, con un&#8217;aria di innegabile eleganza. Il cognato, Mr. Hurst, aveva semplicemente l&#8217;aspetto del gentiluomo, ma l&#8217;amico, Mr. Darcy, attir\u00f2 subito l&#8217;attenzione della sala per la figura alta e raffinata, i bei lineamenti e il portamento nobile, e la voce, che pass\u00f2 di bocca in bocca nel giro di cinque minuti dal suo ingresso, della sua rendita di diecimila sterline l&#8217;anno. I signori lo giudicarono un uomo dall&#8217;aspetto raffinato, le signore proclamarono che era molto pi\u00f9 attraente di Mr. Bingley, e fu oggetto di grande ammirazione per circa met\u00e0 della serata, fino a quando i suoi modi suscitarono una disapprovazione che rovesci\u00f2 il corso della sua popolarit\u00e0; si scopr\u00ec infatti che era superbo, che si riteneva al di sopra della compagnia e non faceva nulla per rendersi piacevole, e nemmeno la sua vasta tenuta nel Derbyshire poteva salvarlo dall&#8217;avere un volto ostile e antipatico, e di non essere degno di paragone col suo amico.<\/p>\n<p>Mr. Bingley aveva subito fatto conoscenza con le persone pi\u00f9 in vista nella sala; fu vivace ed espansivo, ball\u00f2 ogni giro di danza, si rammaric\u00f2 che il ballo finisse cos\u00ec presto e parl\u00f2 di darne lui stesso uno a Netherfield. Queste amabili qualit\u00e0 parlavano da sole. Che contrasto tra lui e il suo amico! Mr. Darcy ball\u00f2 una sola volta con Mrs. Hurst e una con Miss Bingley, rifiut\u00f2 di essere presentato a qualsiasi altra signora, e pass\u00f2 il resto della serata gironzolando per la sala, rivolgendo la parola di tanto in tanto a qualcuno del suo gruppo. Il personaggio fu subito inquadrato. Era l&#8217;uomo pi\u00f9 superbo e antipatico del mondo, e tutti sperarono che non si facesse pi\u00f9 vedere. Tra le pi\u00f9 accanite contro di lui c&#8217;era Mrs. Bennet, la cui disapprovazione per il suo comportamento era acuita da un risentimento particolare, dato che aveva snobbato una delle figlie.<\/p>\n<p>Elizabeth Bennet era stata costretta, dalla penuria di cavalieri, a restarsene seduta per due giri di danza, e durante uno di questi momenti, Mr. Darcy si trov\u00f2 a essere in piedi abbastanza Volume primo, capitolo 3 17 vicino a lei da permetterle di ascoltare non vista una conversazione tra lui e Mr. Bingley, che aveva smesso di ballare per qualche minuto e si era avvicinato all&#8217;amico per convincerlo a unirsi al ballo.<\/p>\n","protected":false},"excerpt":{"rendered":"<p>Orgoglio e Pregiudizio Tuttavia, assolutamente nulla di quello che Mrs. Bennet, con l&#8217;aiuto delle cinque figlie, riusc\u00ec a chiedere sull&#8217;argomento, fu sufficiente a tirar fuori al marito una soddisfacente descrizione di Mr. Bingley. Lo attaccarono in vari modi; con domande esplicite, ingegnose supposizioni e vaghe ipotesi, ma lui eluse l&#8217;abilit\u00e0 di tutte loro, e alla [&hellip;]<\/p>\n","protected":false},"author":1,"featured_media":0,"parent":0,"menu_order":0,"comment_status":"closed","ping_status":"closed","template":"","meta":{"footnotes":""},"class_list":["post-183","page","type-page","status-publish","hentry"],"_links":{"self":[{"href":"https:\/\/demo.daext.com\/hreflang-flags\/wp-json\/wp\/v2\/pages\/183","targetHints":{"allow":["GET"]}}],"collection":[{"href":"https:\/\/demo.daext.com\/hreflang-flags\/wp-json\/wp\/v2\/pages"}],"about":[{"href":"https:\/\/demo.daext.com\/hreflang-flags\/wp-json\/wp\/v2\/types\/page"}],"author":[{"embeddable":true,"href":"https:\/\/demo.daext.com\/hreflang-flags\/wp-json\/wp\/v2\/users\/1"}],"replies":[{"embeddable":true,"href":"https:\/\/demo.daext.com\/hreflang-flags\/wp-json\/wp\/v2\/comments?post=183"}],"version-history":[{"count":1,"href":"https:\/\/demo.daext.com\/hreflang-flags\/wp-json\/wp\/v2\/pages\/183\/revisions"}],"predecessor-version":[{"id":232,"href":"https:\/\/demo.daext.com\/hreflang-flags\/wp-json\/wp\/v2\/pages\/183\/revisions\/232"}],"wp:attachment":[{"href":"https:\/\/demo.daext.com\/hreflang-flags\/wp-json\/wp\/v2\/media?parent=183"}],"curies":[{"name":"wp","href":"https:\/\/api.w.org\/{rel}","templated":true}]}}